{"id":3641,"date":"2020-04-23T16:43:55","date_gmt":"2020-04-23T14:43:55","guid":{"rendered":"https:\/\/ahafactory.de\/home\/"},"modified":"2024-01-04T14:54:49","modified_gmt":"2024-01-04T13:54:49","slug":"home","status":"publish","type":"page","link":"https:\/\/ahafactory.de\/en\/","title":{"rendered":"Home"},"content":{"rendered":"\n\n\r\n$(function() {\r\n  $('.intro').addClass('go');\r\n})\r\n\r\n\r\n\r\n  AGENTUR F\u00dcR\r\n  KREATIVES\r\n  #GESTALTEN\r\n  AGENTUR F\u00dcR\r\n  KREATIVES\r\n  #GESTALTEN\r\n  \r\n    \r\n      AGENTUR F\u00dcR\r\n    \r\n    \r\n      KREATIVES\r\n    \r\n    \r\n      #GESTALTEN\r\n    \r\n  \r\n\r\n\n\n\n\n\n\nEffective marketing for small and family-run businesses!\n\nWelcome <a href=\"https:\/\/ahafactory.de\/en\/\" class=\"more-link\">weiterlesen<\/a>","protected":false},"excerpt":{"rendered":"<p>$(function() { $(&#8216;.intro&#8217;).addClass(&#8216;go&#8217;); }) AGENTUR F\u00dcR KREATIVES #GESTALTEN AGENTUR F\u00dcR KREATIVES #GESTALTEN AGENTUR F\u00dcR KREATIVES #GESTALTEN Effective marketing for small and family-run businesses! Welcome weiterlesen<\/p>\n","protected":false},"author":1,"featured_media":4477,"parent":0,"menu_order":1,"comment_status":"closed","ping_status":"closed","template":"","meta":{"_acf_changed":false,"_editorskit_title_hidden":false,"_editorskit_reading_time":0,"_editorskit_is_block_options_detached":false,"_editorskit_block_options_position":"{}","inline_featured_image":false,"footnotes":""},"class_list":["post-3641","page","type-page","status-publish","has-post-thumbnail","hentry","entry"],"acf":[],"yoast_head":"<!-- This site is optimized with the Yoast SEO Premium plugin v27.2 (Yoast SEO v27.3) - https:\/\/yoast.com\/product\/yoast-seo-premium-wordpress\/ -->\n<title>AHA Factory |\u00a0Creative Marketing Agency |\u00a0L\u00f6rrach, Freiburg, Basel<\/title>\n<meta name=\"description\" content=\"We design your marketing, communication and sales. From web-design over videos to the strategic consulting of your business.\" \/>\n<meta name=\"robots\" content=\"index, follow, max-snippet:-1, max-image-preview:large, max-video-preview:-1\" \/>\n<link rel=\"canonical\" href=\"https:\/\/ahafactory.de\/en\/\" \/>\n<meta property=\"og:locale\" content=\"en_US\" \/>\n<meta property=\"og:type\" content=\"article\" \/>\n<meta property=\"og:title\" content=\"AHA Factory Home\" \/>\n<meta property=\"og:description\" content=\"Be better found and understood!\" \/>\n<meta property=\"og:url\" content=\"https:\/\/ahafactory.de\/en\/\" \/>\n<meta property=\"og:site_name\" content=\"AHA Factory\" \/>\n<meta property=\"article:publisher\" content=\"https:\/\/www.facebook.com\/ahafactory\" \/>\n<meta property=\"article:modified_time\" content=\"2024-01-04T13:54:49+00:00\" \/>\n<meta property=\"og:image\" content=\"https:\/\/ahafactory.de\/wp-content\/uploads\/2023\/04\/AHA_Banner_test01_V4.png\" \/>\n\t<meta property=\"og:image:width\" content=\"1921\" \/>\n\t<meta property=\"og:image:height\" content=\"1080\" \/>\n\t<meta property=\"og:image:type\" content=\"image\/png\" \/>\n<meta name=\"twitter:card\" content=\"summary_large_image\" \/>\n<meta name=\"twitter:title\" content=\"Home AHA Factory\" \/>\n<meta name=\"twitter:description\" content=\"Be better found and understood!\" \/>\n<meta name=\"twitter:label1\" content=\"Est. reading time\" \/>\n\t<meta name=\"twitter:data1\" content=\"1 minute\" \/>\n<script type=\"application\/ld+json\" class=\"yoast-schema-graph\">{\"@context\":\"https:\\\/\\\/schema.org\",\"@graph\":[{\"@type\":[\"Article\",\"BlogPosting\"],\"@id\":\"https:\\\/\\\/ahafactory.de\\\/en\\\/#article\",\"isPartOf\":{\"@id\":\"https:\\\/\\\/ahafactory.de\\\/en\\\/\"},\"author\":{\"name\":\"mbainbridge\",\"@id\":\"https:\\\/\\\/ahafactory.de\\\/en\\\/#\\\/schema\\\/person\\\/3f8bd1a40f0c91fa4fda9db74e8f77bd\"},\"headline\":\"Home\",\"datePublished\":\"2020-04-23T14:43:55+00:00\",\"dateModified\":\"2024-01-04T13:54:49+00:00\",\"mainEntityOfPage\":{\"@id\":\"https:\\\/\\\/ahafactory.de\\\/en\\\/\"},\"wordCount\":190,\"publisher\":{\"@id\":\"https:\\\/\\\/ahafactory.de\\\/en\\\/#organization\"},\"image\":{\"@id\":\"https:\\\/\\\/ahafactory.de\\\/en\\\/#primaryimage\"},\"thumbnailUrl\":\"https:\\\/\\\/ahafactory.de\\\/wp-content\\\/uploads\\\/2023\\\/04\\\/AHA_Banner_test01_V4.png\",\"inLanguage\":\"en-US\"},{\"@type\":\"WebPage\",\"@id\":\"https:\\\/\\\/ahafactory.de\\\/en\\\/\",\"url\":\"https:\\\/\\\/ahafactory.de\\\/en\\\/\",\"name\":\"AHA Factory |\u00a0Creative Marketing Agency |\u00a0L\u00f6rrach, Freiburg, Basel\",\"isPartOf\":{\"@id\":\"https:\\\/\\\/ahafactory.de\\\/en\\\/#website\"},\"primaryImageOfPage\":{\"@id\":\"https:\\\/\\\/ahafactory.de\\\/en\\\/#primaryimage\"},\"image\":{\"@id\":\"https:\\\/\\\/ahafactory.de\\\/en\\\/#primaryimage\"},\"thumbnailUrl\":\"https:\\\/\\\/ahafactory.de\\\/wp-content\\\/uploads\\\/2023\\\/04\\\/AHA_Banner_test01_V4.png\",\"datePublished\":\"2020-04-23T14:43:55+00:00\",\"dateModified\":\"2024-01-04T13:54:49+00:00\",\"description\":\"We design your marketing, communication and sales. From web-design over videos to the strategic consulting of your business.\",\"breadcrumb\":{\"@id\":\"https:\\\/\\\/ahafactory.de\\\/en\\\/#breadcrumb\"},\"inLanguage\":\"en-US\",\"potentialAction\":[{\"@type\":\"ReadAction\",\"target\":[\"https:\\\/\\\/ahafactory.de\\\/en\\\/\"]}]},{\"@type\":\"ImageObject\",\"inLanguage\":\"en-US\",\"@id\":\"https:\\\/\\\/ahafactory.de\\\/en\\\/#primaryimage\",\"url\":\"https:\\\/\\\/ahafactory.de\\\/wp-content\\\/uploads\\\/2023\\\/04\\\/AHA_Banner_test01_V4.png\",\"contentUrl\":\"https:\\\/\\\/ahafactory.de\\\/wp-content\\\/uploads\\\/2023\\\/04\\\/AHA_Banner_test01_V4.png\",\"width\":1921,\"height\":1080},{\"@type\":\"BreadcrumbList\",\"@id\":\"https:\\\/\\\/ahafactory.de\\\/en\\\/#breadcrumb\",\"itemListElement\":[{\"@type\":\"ListItem\",\"position\":1,\"name\":\"Startseite\",\"item\":\"https:\\\/\\\/ahafactory.de\\\/en\\\/\"},{\"@type\":\"ListItem\",\"position\":2,\"name\":\"Home\"}]},{\"@type\":\"WebSite\",\"@id\":\"https:\\\/\\\/ahafactory.de\\\/en\\\/#website\",\"url\":\"https:\\\/\\\/ahafactory.de\\\/en\\\/\",\"name\":\"AHA Factory\",\"description\":\"Agentur f\u00fcr kreatives #gestalten\",\"publisher\":{\"@id\":\"https:\\\/\\\/ahafactory.de\\\/en\\\/#organization\"},\"potentialAction\":[{\"@type\":\"SearchAction\",\"target\":{\"@type\":\"EntryPoint\",\"urlTemplate\":\"https:\\\/\\\/ahafactory.de\\\/en\\\/?s={search_term_string}\"},\"query-input\":{\"@type\":\"PropertyValueSpecification\",\"valueRequired\":true,\"valueName\":\"search_term_string\"}}],\"inLanguage\":\"en-US\"},{\"@type\":\"Organization\",\"@id\":\"https:\\\/\\\/ahafactory.de\\\/en\\\/#organization\",\"name\":\"AHA Factory GmbH\",\"url\":\"https:\\\/\\\/ahafactory.de\\\/en\\\/\",\"logo\":{\"@type\":\"ImageObject\",\"inLanguage\":\"en-US\",\"@id\":\"https:\\\/\\\/ahafactory.de\\\/en\\\/#\\\/schema\\\/logo\\\/image\\\/\",\"url\":\"https:\\\/\\\/ahafactory.de\\\/wp-content\\\/uploads\\\/2020\\\/04\\\/AHA-Factory_rebrand_Logo_speechbubble-01.svg\",\"contentUrl\":\"https:\\\/\\\/ahafactory.de\\\/wp-content\\\/uploads\\\/2020\\\/04\\\/AHA-Factory_rebrand_Logo_speechbubble-01.svg\",\"width\":\"1024\",\"height\":\"1024\",\"caption\":\"AHA Factory GmbH\"},\"image\":{\"@id\":\"https:\\\/\\\/ahafactory.de\\\/en\\\/#\\\/schema\\\/logo\\\/image\\\/\"},\"sameAs\":[\"https:\\\/\\\/www.facebook.com\\\/ahafactory\",\"https:\\\/\\\/www.youtube.com\\\/channel\\\/UC83AW2kz4QORho6oRGhgZNQ\",\"https:\\\/\\\/www.instagram.com\\\/ahafactory.de\\\/\",\"https:\\\/\\\/www.linkedin.com\\\/company\\\/aha-factory\"],\"description\":\"Die AHA Factory GmbH ist mehr als nur eine Marketingagentur \u2013 wir sind der strategische Partner f\u00fcr Unternehmen, die wachsen und erfolgreich sein wollen. Mit \u00fcber 10 Jahren Erfahrung verbinden wir durchdachte Strategieentwicklung mit effektiver Umsetzung und begleiten unsere Kunden von der ersten Idee bis zur erfolgreichen Marktdurchdringung. Unser Ansatz ist ganzheitlich: \u2705 Strategieberatung & Coaching \u2013 Wir helfen Unternehmen, ihre passende Gesch\u00e4ftsstrategie zu finden und nachhaltige Erfolge zu erzielen. \u2705 AHA!Videos \u2013 Unsere ma\u00dfgeschneiderten Erkl\u00e4rvideos machen komplexe Inhalte verst\u00e4ndlich und sorgen f\u00fcr echte AHA-Momente. \u2705 Webdesign & SEO \u2013 Wir erstellen und optimieren Websites, die sichtbar und erfolgreich sind \u2013 mit professioneller SEO-Optimierung f\u00fcr messbare Ergebnisse. \u2705 Google Ads Management \u2013 Wir steuern leistungsstarke Kampagnen, um gezielt Kunden zu erreichen und den maximalen ROI aus Werbebudgets herauszuholen. Als verl\u00e4sslicher Partner stehen wir f\u00fcr Klarheit, Kreativit\u00e4t und nachhaltigen Erfolg. Wir liefern keine leeren Versprechen, sondern strategische L\u00f6sungen, die wirklich funktionieren \u2013 f\u00fcr Unternehmen, die nicht nur mitmachen, sondern den Markt mitgestalten wollen. \ud83d\ude80 AHA Factory GmbH \u2013 Von der Strategie bis zur Umsetzung. Einfach. Effektiv. Erfolgreich.\",\"email\":\"info@ahafactory.de\",\"telephone\":\"+49 7621 5109866\",\"legalName\":\"AHA Factory GmbH\",\"foundingDate\":\"2013-02-19\",\"vatID\":\"DE288204007\",\"numberOfEmployees\":{\"@type\":\"QuantitativeValue\",\"minValue\":\"1\",\"maxValue\":\"10\"}},{\"@type\":\"Person\",\"@id\":\"https:\\\/\\\/ahafactory.de\\\/en\\\/#\\\/schema\\\/person\\\/3f8bd1a40f0c91fa4fda9db74e8f77bd\",\"name\":\"mbainbridge\",\"image\":{\"@type\":\"ImageObject\",\"inLanguage\":\"en-US\",\"@id\":\"https:\\\/\\\/secure.gravatar.com\\\/avatar\\\/973ae81cc16c775b6a84cfa92453150c6b6992c5718377e2a31a74e91b7b3918?s=96&d=mm&r=g\",\"url\":\"https:\\\/\\\/secure.gravatar.com\\\/avatar\\\/973ae81cc16c775b6a84cfa92453150c6b6992c5718377e2a31a74e91b7b3918?s=96&d=mm&r=g\",\"contentUrl\":\"https:\\\/\\\/secure.gravatar.com\\\/avatar\\\/973ae81cc16c775b6a84cfa92453150c6b6992c5718377e2a31a74e91b7b3918?s=96&d=mm&r=g\",\"caption\":\"mbainbridge\"},\"url\":\"https:\\\/\\\/ahafactory.de\\\/en\\\/blog\\\/author\\\/mbainbridge\\\/\"}]}<\/script>\n<!-- \/ Yoast SEO Premium plugin. -->","yoast_head_json":{"title":"AHA Factory |\u00a0Creative Marketing Agency |\u00a0L\u00f6rrach, Freiburg, Basel","description":"We design your marketing, communication and sales. From web-design over videos to the strategic consulting of your business.","robots":{"index":"index","follow":"follow","max-snippet":"max-snippet:-1","max-image-preview":"max-image-preview:large","max-video-preview":"max-video-preview:-1"},"canonical":"https:\/\/ahafactory.de\/en\/","og_locale":"en_US","og_type":"article","og_title":"AHA Factory Home","og_description":"Be better found and understood!","og_url":"https:\/\/ahafactory.de\/en\/","og_site_name":"AHA Factory","article_publisher":"https:\/\/www.facebook.com\/ahafactory","article_modified_time":"2024-01-04T13:54:49+00:00","og_image":[{"width":1921,"height":1080,"url":"https:\/\/ahafactory.de\/wp-content\/uploads\/2023\/04\/AHA_Banner_test01_V4.png","type":"image\/png"}],"twitter_card":"summary_large_image","twitter_title":"Home AHA Factory","twitter_description":"Be better found and understood!","twitter_misc":{"Est. reading time":"1 minute"},"schema":{"@context":"https:\/\/schema.org","@graph":[{"@type":["Article","BlogPosting"],"@id":"https:\/\/ahafactory.de\/en\/#article","isPartOf":{"@id":"https:\/\/ahafactory.de\/en\/"},"author":{"name":"mbainbridge","@id":"https:\/\/ahafactory.de\/en\/#\/schema\/person\/3f8bd1a40f0c91fa4fda9db74e8f77bd"},"headline":"Home","datePublished":"2020-04-23T14:43:55+00:00","dateModified":"2024-01-04T13:54:49+00:00","mainEntityOfPage":{"@id":"https:\/\/ahafactory.de\/en\/"},"wordCount":190,"publisher":{"@id":"https:\/\/ahafactory.de\/en\/#organization"},"image":{"@id":"https:\/\/ahafactory.de\/en\/#primaryimage"},"thumbnailUrl":"https:\/\/ahafactory.de\/wp-content\/uploads\/2023\/04\/AHA_Banner_test01_V4.png","inLanguage":"en-US"},{"@type":"WebPage","@id":"https:\/\/ahafactory.de\/en\/","url":"https:\/\/ahafactory.de\/en\/","name":"AHA Factory |\u00a0Creative Marketing Agency |\u00a0L\u00f6rrach, Freiburg, Basel","isPartOf":{"@id":"https:\/\/ahafactory.de\/en\/#website"},"primaryImageOfPage":{"@id":"https:\/\/ahafactory.de\/en\/#primaryimage"},"image":{"@id":"https:\/\/ahafactory.de\/en\/#primaryimage"},"thumbnailUrl":"https:\/\/ahafactory.de\/wp-content\/uploads\/2023\/04\/AHA_Banner_test01_V4.png","datePublished":"2020-04-23T14:43:55+00:00","dateModified":"2024-01-04T13:54:49+00:00","description":"We design your marketing, communication and sales. From web-design over videos to the strategic consulting of your business.","breadcrumb":{"@id":"https:\/\/ahafactory.de\/en\/#breadcrumb"},"inLanguage":"en-US","potentialAction":[{"@type":"ReadAction","target":["https:\/\/ahafactory.de\/en\/"]}]},{"@type":"ImageObject","inLanguage":"en-US","@id":"https:\/\/ahafactory.de\/en\/#primaryimage","url":"https:\/\/ahafactory.de\/wp-content\/uploads\/2023\/04\/AHA_Banner_test01_V4.png","contentUrl":"https:\/\/ahafactory.de\/wp-content\/uploads\/2023\/04\/AHA_Banner_test01_V4.png","width":1921,"height":1080},{"@type":"BreadcrumbList","@id":"https:\/\/ahafactory.de\/en\/#breadcrumb","itemListElement":[{"@type":"ListItem","position":1,"name":"Startseite","item":"https:\/\/ahafactory.de\/en\/"},{"@type":"ListItem","position":2,"name":"Home"}]},{"@type":"WebSite","@id":"https:\/\/ahafactory.de\/en\/#website","url":"https:\/\/ahafactory.de\/en\/","name":"AHA Factory","description":"Agentur f\u00fcr kreatives #gestalten","publisher":{"@id":"https:\/\/ahafactory.de\/en\/#organization"},"potentialAction":[{"@type":"SearchAction","target":{"@type":"EntryPoint","urlTemplate":"https:\/\/ahafactory.de\/en\/?s={search_term_string}"},"query-input":{"@type":"PropertyValueSpecification","valueRequired":true,"valueName":"search_term_string"}}],"inLanguage":"en-US"},{"@type":"Organization","@id":"https:\/\/ahafactory.de\/en\/#organization","name":"AHA Factory GmbH","url":"https:\/\/ahafactory.de\/en\/","logo":{"@type":"ImageObject","inLanguage":"en-US","@id":"https:\/\/ahafactory.de\/en\/#\/schema\/logo\/image\/","url":"https:\/\/ahafactory.de\/wp-content\/uploads\/2020\/04\/AHA-Factory_rebrand_Logo_speechbubble-01.svg","contentUrl":"https:\/\/ahafactory.de\/wp-content\/uploads\/2020\/04\/AHA-Factory_rebrand_Logo_speechbubble-01.svg","width":"1024","height":"1024","caption":"AHA Factory GmbH"},"image":{"@id":"https:\/\/ahafactory.de\/en\/#\/schema\/logo\/image\/"},"sameAs":["https:\/\/www.facebook.com\/ahafactory","https:\/\/www.youtube.com\/channel\/UC83AW2kz4QORho6oRGhgZNQ","https:\/\/www.instagram.com\/ahafactory.de\/","https:\/\/www.linkedin.com\/company\/aha-factory"],"description":"Die AHA Factory GmbH ist mehr als nur eine Marketingagentur \u2013 wir sind der strategische Partner f\u00fcr Unternehmen, die wachsen und erfolgreich sein wollen. Mit \u00fcber 10 Jahren Erfahrung verbinden wir durchdachte Strategieentwicklung mit effektiver Umsetzung und begleiten unsere Kunden von der ersten Idee bis zur erfolgreichen Marktdurchdringung. Unser Ansatz ist ganzheitlich: \u2705 Strategieberatung & Coaching \u2013 Wir helfen Unternehmen, ihre passende Gesch\u00e4ftsstrategie zu finden und nachhaltige Erfolge zu erzielen. \u2705 AHA!Videos \u2013 Unsere ma\u00dfgeschneiderten Erkl\u00e4rvideos machen komplexe Inhalte verst\u00e4ndlich und sorgen f\u00fcr echte AHA-Momente. \u2705 Webdesign & SEO \u2013 Wir erstellen und optimieren Websites, die sichtbar und erfolgreich sind \u2013 mit professioneller SEO-Optimierung f\u00fcr messbare Ergebnisse. \u2705 Google Ads Management \u2013 Wir steuern leistungsstarke Kampagnen, um gezielt Kunden zu erreichen und den maximalen ROI aus Werbebudgets herauszuholen. Als verl\u00e4sslicher Partner stehen wir f\u00fcr Klarheit, Kreativit\u00e4t und nachhaltigen Erfolg. Wir liefern keine leeren Versprechen, sondern strategische L\u00f6sungen, die wirklich funktionieren \u2013 f\u00fcr Unternehmen, die nicht nur mitmachen, sondern den Markt mitgestalten wollen. \ud83d\ude80 AHA Factory GmbH \u2013 Von der Strategie bis zur Umsetzung. Einfach. Effektiv. Erfolgreich.","email":"info@ahafactory.de","telephone":"+49 7621 5109866","legalName":"AHA Factory GmbH","foundingDate":"2013-02-19","vatID":"DE288204007","numberOfEmployees":{"@type":"QuantitativeValue","minValue":"1","maxValue":"10"}},{"@type":"Person","@id":"https:\/\/ahafactory.de\/en\/#\/schema\/person\/3f8bd1a40f0c91fa4fda9db74e8f77bd","name":"mbainbridge","image":{"@type":"ImageObject","inLanguage":"en-US","@id":"https:\/\/secure.gravatar.com\/avatar\/973ae81cc16c775b6a84cfa92453150c6b6992c5718377e2a31a74e91b7b3918?s=96&d=mm&r=g","url":"https:\/\/secure.gravatar.com\/avatar\/973ae81cc16c775b6a84cfa92453150c6b6992c5718377e2a31a74e91b7b3918?s=96&d=mm&r=g","contentUrl":"https:\/\/secure.gravatar.com\/avatar\/973ae81cc16c775b6a84cfa92453150c6b6992c5718377e2a31a74e91b7b3918?s=96&d=mm&r=g","caption":"mbainbridge"},"url":"https:\/\/ahafactory.de\/en\/blog\/author\/mbainbridge\/"}]}},"featured_image_src":"https:\/\/ahafactory.de\/wp-content\/uploads\/2023\/04\/AHA_Banner_test01_V4-600x400.png","featured_image_src_square":"https:\/\/ahafactory.de\/wp-content\/uploads\/2023\/04\/AHA_Banner_test01_V4-600x600.png","_links":{"self":[{"href":"https:\/\/ahafactory.de\/en\/wp-json\/wp\/v2\/pages\/3641","targetHints":{"allow":["GET"]}}],"collection":[{"href":"https:\/\/ahafactory.de\/en\/wp-json\/wp\/v2\/pages"}],"about":[{"href":"https:\/\/ahafactory.de\/en\/wp-json\/wp\/v2\/types\/page"}],"author":[{"embeddable":true,"href":"https:\/\/ahafactory.de\/en\/wp-json\/wp\/v2\/users\/1"}],"replies":[{"embeddable":true,"href":"https:\/\/ahafactory.de\/en\/wp-json\/wp\/v2\/comments?post=3641"}],"version-history":[{"count":5,"href":"https:\/\/ahafactory.de\/en\/wp-json\/wp\/v2\/pages\/3641\/revisions"}],"predecessor-version":[{"id":4874,"href":"https:\/\/ahafactory.de\/en\/wp-json\/wp\/v2\/pages\/3641\/revisions\/4874"}],"wp:featuredmedia":[{"embeddable":true,"href":"https:\/\/ahafactory.de\/en\/wp-json\/wp\/v2\/media\/4477"}],"wp:attachment":[{"href":"https:\/\/ahafactory.de\/en\/wp-json\/wp\/v2\/media?parent=3641"}],"curies":[{"name":"wp","href":"https:\/\/api.w.org\/{rel}","templated":true}]}}